{"id":10185,"date":"2025-06-18T10:07:58","date_gmt":"2025-06-18T10:07:58","guid":{"rendered":"https:\/\/aeafrica.org\/?page_id=10185"},"modified":"2025-06-19T08:19:22","modified_gmt":"2025-06-19T08:19:22","slug":"arise-africa-2","status":"publish","type":"page","link":"https:\/\/aeafrica.org\/fr\/arise-africa-2\/","title":{"rendered":"Commission d&#039;\u00e9vang\u00e9lisation et de missions de l&#039;AEA"},"content":{"rendered":"<div id='av-layout-grid-1'  class='av-layout-grid-container av-79jplt-5868a7e50d3b8d680347dfda926b773e entry-content-wrapper main_color av-flex-cells  avia-builder-el-0  avia-builder-el-no-sibling   container_wrap sidebar_left'  >\n\n<style type=\"text\/css\" data-created_by=\"avia_inline_auto\" id=\"style-css-av-m0anov2y-d12ae848bee020adfa4a24d341840e55\">\n.flex_cell.av-m0anov2y-d12ae848bee020adfa4a24d341840e55{\nvertical-align:top;\nbackground-color:#ffffff;\nbackground:linear-gradient( to bottom, #ffffff, #ffffff );\n}\n.responsive #top #wrap_all .flex_cell.av-m0anov2y-d12ae848bee020adfa4a24d341840e55{\npadding:10% 10% 10% 10% !important;\n}\n<\/style>\n<div class='flex_cell av-m0anov2y-d12ae848bee020adfa4a24d341840e55 av-gridrow-cell av_one_full no_margin  avia-builder-el-1  avia-builder-el-no-sibling'  ><div class='flex_cell_inner'><p>\n<style type=\"text\/css\" data-created_by=\"avia_inline_auto\" id=\"style-css-av-mc1spl5s-dcd00752cc62c61cb44ec1146dd6ca0f\">\n.avia-image-container.av-mc1spl5s-dcd00752cc62c61cb44ec1146dd6ca0f img.avia_image{\nbox-shadow:none;\n}\n.avia-image-container.av-mc1spl5s-dcd00752cc62c61cb44ec1146dd6ca0f .av-image-caption-overlay-center{\ncolor:#ffffff;\n}\n<\/style>\n<div  class='avia-image-container av-mc1spl5s-dcd00752cc62c61cb44ec1146dd6ca0f av-styling- avia-align-center  avia-builder-el-2  el_before_av_textblock  avia-builder-el-first'   itemprop=\"image\" itemscope=\"itemscope\" itemtype=\"https:\/\/schema.org\/ImageObject\" ><div class=\"avia-image-container-inner\"><div class=\"avia-image-overlay-wrap\"><img alt=\"\" decoding=\"async\" fetchpriority=\"high\" class='wp-image-10186 avia-img-lazy-loading-not-10186 avia_image' src=\"https:\/\/aeafrica.org\/wp-content\/uploads\/2025\/06\/DR.-ESAYAS-PAGE-1030x687.jpg\" title='PAGE DU DR ESAYAS' height=\"687\" width=\"1030\"  itemprop=\"thumbnailUrl\" srcset=\"https:\/\/aeafrica.org\/wp-content\/uploads\/2025\/06\/DR.-ESAYAS-PAGE-1030x687.jpg 1030w, https:\/\/aeafrica.org\/wp-content\/uploads\/2025\/06\/DR.-ESAYAS-PAGE-300x200.jpg 300w, https:\/\/aeafrica.org\/wp-content\/uploads\/2025\/06\/DR.-ESAYAS-PAGE-768x512.jpg 768w, https:\/\/aeafrica.org\/wp-content\/uploads\/2025\/06\/DR.-ESAYAS-PAGE-1536x1024.jpg 1536w, https:\/\/aeafrica.org\/wp-content\/uploads\/2025\/06\/DR.-ESAYAS-PAGE-2048x1365.jpg 2048w, https:\/\/aeafrica.org\/wp-content\/uploads\/2025\/06\/DR.-ESAYAS-PAGE-18x12.jpg 18w, https:\/\/aeafrica.org\/wp-content\/uploads\/2025\/06\/DR.-ESAYAS-PAGE-1500x1000.jpg 1500w, https:\/\/aeafrica.org\/wp-content\/uploads\/2025\/06\/DR.-ESAYAS-PAGE-705x470.jpg 705w\"  sizes=\"(max-width: 1030px) 100vw, 1030px\" \/><\/div><\/div><\/div><br \/>\n\n<style type=\"text\/css\" data-created_by=\"avia_inline_auto\" id=\"style-css-av-m0anphw3-eb5d7e8a374b500fb85e3afbc3b0f04e\">\n\n@media only screen and (min-width: 990px){ \n#top .av_textblock_section.av-m0anphw3-eb5d7e8a374b500fb85e3afbc3b0f04e .avia_textblock{\nfont-size:20px;\n}\n}\n\n@media only screen and (max-width: 479px){ \n#top .av_textblock_section.av-m0anphw3-eb5d7e8a374b500fb85e3afbc3b0f04e .avia_textblock{\nfont-size:15px;\n}\n}\n<\/style>\n<section  class='av_textblock_section av-m0anphw3-eb5d7e8a374b500fb85e3afbc3b0f04e'   itemscope=\"itemscope\" itemtype=\"https:\/\/schema.org\/CreativeWork\" ><div class='avia_textblock'  itemprop=\"text\" ><p style=\"text-align: center;\">Dr Esayas Ersabo \u2013 Directeur ex\u00e9cutif, Missions<\/p>\n<\/div><\/section><br \/>\n\n<style type=\"text\/css\" data-created_by=\"avia_inline_auto\" id=\"style-css-av-v1a9op-79f25857fdf2a4e83f4a56b20957fad2\">\n#top .av-special-heading.av-v1a9op-79f25857fdf2a4e83f4a56b20957fad2{\npadding-bottom:30px;\ncolor:#662770;\nfont-size:40px;\n}\nbody .av-special-heading.av-v1a9op-79f25857fdf2a4e83f4a56b20957fad2 .av-special-heading-tag .heading-char{\nfont-size:25px;\n}\n#top #wrap_all .av-special-heading.av-v1a9op-79f25857fdf2a4e83f4a56b20957fad2 .av-special-heading-tag{\nfont-size:40px;\n}\n.av-special-heading.av-v1a9op-79f25857fdf2a4e83f4a56b20957fad2 .special-heading-inner-border{\nborder-color:#662770;\n}\n.av-special-heading.av-v1a9op-79f25857fdf2a4e83f4a56b20957fad2 .av-subheading{\nfont-size:15px;\n}\n\n@media only screen and (min-width: 480px) and (max-width: 767px){ \n#top #wrap_all .av-special-heading.av-v1a9op-79f25857fdf2a4e83f4a56b20957fad2 .av-special-heading-tag{\nfont-size:0.8em;\n}\n}\n\n@media only screen and (max-width: 479px){ \n#top #wrap_all .av-special-heading.av-v1a9op-79f25857fdf2a4e83f4a56b20957fad2 .av-special-heading-tag{\nfont-size:0.8em;\n}\n}\n<\/style>\n<div  class='av-special-heading av-v1a9op-79f25857fdf2a4e83f4a56b20957fad2 av-special-heading-h2 custom-color-heading blockquote modern-quote modern-centered  avia-builder-el-4  el_after_av_textblock  el_before_av_textblock  av-inherit-size'><h2 class='av-special-heading-tag'  itemprop=\"headline\"  >\u00c9laborer une strat\u00e9gie. Mobiliser. Former. Encadrer<\/h2><div class=\"special-heading-border\"><div class=\"special-heading-inner-border\"><\/div><\/div><\/div><br \/>\n\n<style type=\"text\/css\" data-created_by=\"avia_inline_auto\" id=\"style-css-av-ilmfxl-8daa616a3917ba6e904e2b5a46317c60\">\n\n@media only screen and (min-width: 990px){ \n#top .av_textblock_section.av-ilmfxl-8daa616a3917ba6e904e2b5a46317c60 .avia_textblock{\nfont-size:20px;\n}\n}\n\n@media only screen and (max-width: 479px){ \n#top .av_textblock_section.av-ilmfxl-8daa616a3917ba6e904e2b5a46317c60 .avia_textblock{\nfont-size:15px;\n}\n}\n<\/style>\n<section  class='av_textblock_section av-ilmfxl-8daa616a3917ba6e904e2b5a46317c60'   itemscope=\"itemscope\" itemtype=\"https:\/\/schema.org\/CreativeWork\" ><div class='avia_textblock'  itemprop=\"text\" ><p style=\"text-align: left;\"><strong>MOUVEMENT DE DISCIPLE MISSIONNEL INT\u00c9GR\u00c9 \u00c0 TRAVERS L&#039;AFRIQUE\u00a0<\/strong><\/p>\n<p style=\"text-align: left;\">Le d\u00e9partement des missions de l&#039;AEA fonctionne avec un objectif clair en quatre volets pour catalyser un mouvement de discipulat missionnaire int\u00e9gr\u00e9 qui est fond\u00e9 sur la Bible, contextuellement pertinent et \u00e9volutif \u00e0 l&#039;\u00e9chelle continentale.<\/p>\n<ol>\n<li style=\"list-style-type: none;\">\n<ol style=\"text-align: left;\">\n<li><strong>\u00c9laborer une strat\u00e9gie :<\/strong> Concevoir des cadres missionnaires continentaux et contextuels<\/li>\n<\/ol>\n<\/li>\n<\/ol>\n<p style=\"text-align: left;\">Nous \u00e9laborons et alignons des cadres de discipulat int\u00e9gr\u00e9s et missionnaires, adapt\u00e9s aux diverses r\u00e9alit\u00e9s de l&#039;Afrique. Cela comprend\u00a0:<\/p>\n<ul>\n<li style=\"list-style-type: none;\">\n<ul style=\"text-align: left;\">\n<li>\u00c9laborer des cadres th\u00e9ologiques et pratiques qui refl\u00e8tent la m\u00e9thode de formation de disciples de J\u00e9sus.<\/li>\n<li>Faciliter les consultations strat\u00e9giques avec les dirigeants continentaux et nationaux pour fa\u00e7onner l\u2019orientation et unifier les objectifs.<\/li>\n<li>Int\u00e9grer l\u2019Agenda 2063, l\u2019\u00c9vangile du Royaume et la justice biblique dans la planification de la mission.<\/li>\n<\/ul>\n<\/li>\n<\/ul>\n<ol>\n<li style=\"list-style-type: none;\">\n<ol style=\"text-align: left;\" start=\"2\">\n<li><strong> Mobiliser: <\/strong>R\u00e9seauter et enflammer les mouvements nationaux<\/li>\n<\/ol>\n<\/li>\n<\/ol>\n<p style=\"text-align: left;\">Nous mobilisons les \u00e9glises \u00e9vang\u00e9liques \u00e0 travers l\u2019Afrique pour agir en :<\/p>\n<ul>\n<li style=\"list-style-type: none;\">\n<ul style=\"text-align: left;\">\n<li>En partenariat avec les National Evangelical Fellowships (NEF) dans les 54 pays pour diriger des initiatives int\u00e9gr\u00e9es de discipulat missionnaire.<\/li>\n<li>Lancer une approche unifi\u00e9e, telle que \u00ab Une heure de plus le dimanche \u00bb, pour ancrer le discipulat missionnaire structur\u00e9 dans le rythme hebdomadaire de l\u2019\u00c9glise.<\/li>\n<li>Cr\u00e9er des plateformes de collaboration entre les confessions, les institutions et les agences missionnaires.<\/li>\n<\/ul>\n<\/li>\n<\/ul>\n<ol>\n<li style=\"list-style-type: none;\">\n<ol style=\"text-align: left;\" start=\"3\">\n<li><strong>Former:<\/strong> \u00c9quiper les dirigeants pour un engagement strat\u00e9gique dans le discipulat missionnaire.<\/li>\n<\/ol>\n<\/li>\n<\/ol>\n<p style=\"text-align: left;\">Nous renfor\u00e7ons les capacit\u00e9s des dirigeants \u00e0 tous les niveaux gr\u00e2ce \u00e0 :<\/p>\n<ul>\n<li style=\"list-style-type: none;\">\n<ul style=\"text-align: left;\">\n<li>Modules de formation contextuels sur les th\u00e8mes fondamentaux du discipulat : l\u2019\u00c9vangile du Royaume, la formation spirituelle et la mission.<\/li>\n<li>Mise en \u0153uvre de cohortes de deux ans de formation de leaders formateurs de disciples (DML) pour \u00e9quiper les dirigeants nationaux et r\u00e9gionaux.<\/li>\n<li>D\u00e9velopper des outils, des manuels et des ressources que les \u00e9glises et les communaut\u00e9s peuvent appliquer imm\u00e9diatement.<\/li>\n<\/ul>\n<\/li>\n<\/ul>\n<ol>\n<li style=\"list-style-type: none;\">\n<ol style=\"text-align: left;\" start=\"4\">\n<li><strong> Mentor:<\/strong> Forger une vie sur la vie et une responsabilit\u00e9 relationnelle<\/li>\n<\/ol>\n<\/li>\n<\/ol>\n<p style=\"text-align: left;\">Nous privil\u00e9gions le mentorat bas\u00e9 sur les relations pour favoriser la croissance du caract\u00e8re et des comp\u00e9tences en leadership.<\/p>\n<ul>\n<li style=\"list-style-type: none;\">\n<ul>\n<li style=\"text-align: left;\">Offrir un coaching coh\u00e9rent et un mentorat de groupe aux principaux dirigeants des NEF<\/li>\n<li style=\"text-align: left;\">Accompagner les dirigeants dans leur r\u00e9flexion, leur adaptation et leur perfectionnement des strat\u00e9gies de l\u2019AEA.<\/li>\n<li style=\"text-align: left;\">Int\u00e9grer une culture de responsabilit\u00e9, de multiplication et de transformation spirituelle dans tout ce que nous faisons.<\/li>\n<\/ul>\n<\/li>\n<\/ul>\n<\/div><\/section><\/p>\n<\/div><\/div><\/div>","protected":false},"excerpt":{"rendered":"","protected":false},"author":1,"featured_media":0,"parent":0,"menu_order":0,"comment_status":"closed","ping_status":"closed","template":"","meta":{"_seopress_robots_primary_cat":"","_seopress_titles_title":"","_seopress_titles_desc":"","_seopress_robots_index":"","footnotes":""},"class_list":["post-10185","page","type-page","status-publish","hentry"],"_links":{"self":[{"href":"https:\/\/aeafrica.org\/fr\/wp-json\/wp\/v2\/pages\/10185","targetHints":{"allow":["GET"]}}],"collection":[{"href":"https:\/\/aeafrica.org\/fr\/wp-json\/wp\/v2\/pages"}],"about":[{"href":"https:\/\/aeafrica.org\/fr\/wp-json\/wp\/v2\/types\/page"}],"author":[{"embeddable":true,"href":"https:\/\/aeafrica.org\/fr\/wp-json\/wp\/v2\/users\/1"}],"replies":[{"embeddable":true,"href":"https:\/\/aeafrica.org\/fr\/wp-json\/wp\/v2\/comments?post=10185"}],"version-history":[{"count":14,"href":"https:\/\/aeafrica.org\/fr\/wp-json\/wp\/v2\/pages\/10185\/revisions"}],"predecessor-version":[{"id":10211,"href":"https:\/\/aeafrica.org\/fr\/wp-json\/wp\/v2\/pages\/10185\/revisions\/10211"}],"wp:attachment":[{"href":"https:\/\/aeafrica.org\/fr\/wp-json\/wp\/v2\/media?parent=10185"}],"curies":[{"name":"wp","href":"https:\/\/api.w.org\/{rel}","templated":true}]}}