{"id":8990,"date":"2024-03-05T12:42:49","date_gmt":"2024-03-05T12:42:49","guid":{"rendered":"https:\/\/migrate.perfectlydigital.dev\/?page_id=8990"},"modified":"2024-03-05T12:47:28","modified_gmt":"2024-03-05T12:47:28","slug":"e-book","status":"publish","type":"page","link":"https:\/\/aeafrica.org\/fr\/e-book\/","title":{"rendered":"Livre \u00e9lectronique"},"content":{"rendered":"<style type=\"text\/css\" data-created_by=\"avia_inline_auto\" id=\"style-css-av-3u7r8v-7a8cd066af52e909c2a6a4ca52b1f110\">\n.avia-section.av-3u7r8v-7a8cd066af52e909c2a6a4ca52b1f110 .av-parallax .av-parallax-inner{\nbackground-repeat:no-repeat;\nbackground-image:url(https:\/\/aeafrica.org\/wp-content\/uploads\/2024\/03\/book-pattern.jpg);\nbackground-position:50% 50%;\nbackground-attachment:scroll;\n}\n<\/style>\n<div id='av_section_1'  class='avia-section av-3u7r8v-7a8cd066af52e909c2a6a4ca52b1f110 main_color avia-section-large avia-no-border-styling  avia-builder-el-0  el_before_av_layout_row  avia-builder-el-first  avia-full-stretch av-parallax-section avia-bg-style-parallax av-minimum-height av-minimum-height-50 av-height-50  container_wrap sidebar_left'  data-section-bg-repeat='stretch' data-av_minimum_height_pc='50' data-av_min_height_opt='50'><div class='av-parallax' data-avia-parallax-ratio='0.3' ><div class='av-parallax-inner main_color avia-full-stretch'><\/div><\/div><div class='container av-section-cont-open' ><main  role=\"main\" itemprop=\"mainContentOfPage\"  class='template-page content  av-content-small units'><div class='post-entry post-entry-type-page post-entry-8990'><div class='entry-content-wrapper clearfix'>\n\n<style type=\"text\/css\" data-created_by=\"avia_inline_auto\" id=\"style-css-av-lteaya7l-bff19d8b0d085b7bc438981e9e5508a6\">\n#top .av-special-heading.av-lteaya7l-bff19d8b0d085b7bc438981e9e5508a6{\npadding-bottom:10px;\ncolor:#ffffff;\nfont-size:50px;\n}\nbody .av-special-heading.av-lteaya7l-bff19d8b0d085b7bc438981e9e5508a6 .av-special-heading-tag .heading-char{\nfont-size:25px;\n}\n#top #wrap_all .av-special-heading.av-lteaya7l-bff19d8b0d085b7bc438981e9e5508a6 .av-special-heading-tag{\nfont-size:50px;\n}\n.av-special-heading.av-lteaya7l-bff19d8b0d085b7bc438981e9e5508a6 .special-heading-inner-border{\nborder-color:#ffffff;\n}\n.av-special-heading.av-lteaya7l-bff19d8b0d085b7bc438981e9e5508a6 .av-subheading{\nfont-size:15px;\n}\n\n@media only screen and (min-width: 480px) and (max-width: 767px){ \n#top #wrap_all .av-special-heading.av-lteaya7l-bff19d8b0d085b7bc438981e9e5508a6 .av-special-heading-tag{\nfont-size:0.8em;\n}\n}\n\n@media only screen and (max-width: 479px){ \n#top #wrap_all .av-special-heading.av-lteaya7l-bff19d8b0d085b7bc438981e9e5508a6 .av-special-heading-tag{\nfont-size:0.8em;\n}\n}\n<\/style>\n<div  class='av-special-heading av-lteaya7l-bff19d8b0d085b7bc438981e9e5508a6 av-special-heading-h1 custom-color-heading blockquote modern-quote modern-centered  avia-builder-el-1  avia-builder-el-no-sibling  av-inherit-size'><div class='av_custom_color av-subheading av-subheading_above'><p>E-BOOK GRATUIT<\/p>\n<\/div><h1 class='av-special-heading-tag'  itemprop=\"headline\"  >Renforcer la formation th\u00e9ologique en Afrique<\/h1><div class=\"special-heading-border\"><div class=\"special-heading-inner-border\"><\/div><\/div><\/div>\n<\/div><\/div><\/main><!-- close content main element --><\/div><\/div><div id='av-layout-grid-1'  class='av-layout-grid-container av-av_layout_row-575c31e8c6cc3da0551a44f6e7e59d11 entry-content-wrapper main_color av-flex-cells  avia-builder-el-2  el_after_av_section  el_before_av_layout_row  grid-row-not-first  container_wrap sidebar_left'  >\n<div class='flex_cell av-av_cell_two_fifth-ebe5280c498a4b568c7730bb0189ca45 av-gridrow-cell av_two_fifth no_margin  avia-builder-el-3  el_before_av_cell_three_fifth  avia-builder-el-first'  ><div class='flex_cell_inner'><p><div  class='flex_column av-g47jbj-74faac326414c09d9743bf19b478fee4 av_one_fifth  avia-builder-el-4  el_before_av_four_fifth  avia-builder-el-first  first flex_column_div'     ><\/div><div  class='flex_column av-av_four_fifth-feecfcc73494c68bb0d1632d1d5c38ae av_four_fifth  avia-builder-el-5  el_after_av_one_fifth  el_before_av_button  flex_column_div'     ><style type=\"text\/css\" data-created_by=\"avia_inline_auto\" id=\"style-css-av-lted0gdk-c1af864ef74850b096fa4759114d2b21\">\n.avia-image-container.av-lted0gdk-c1af864ef74850b096fa4759114d2b21 img.avia_image{\nbox-shadow:none;\n}\n.avia-image-container.av-lted0gdk-c1af864ef74850b096fa4759114d2b21 .av-image-caption-overlay-center{\ncolor:#ffffff;\n}\n<\/style>\n<div  class='avia-image-container av-lted0gdk-c1af864ef74850b096fa4759114d2b21 av-styling- avia-align-center  avia-builder-el-6  avia-builder-el-no-sibling'   itemprop=\"image\" itemscope=\"itemscope\" itemtype=\"https:\/\/schema.org\/ImageObject\" ><div class=\"avia-image-container-inner\"><div class=\"avia-image-overlay-wrap\"><img alt=\"\" decoding=\"async\" fetchpriority=\"high\" class='wp-image-8992 avia-img-lazy-loading-not-8992 avia_image' src=\"https:\/\/aeafrica.org\/wp-content\/uploads\/2024\/03\/Scaling-up-1030x934.jpg\" title='Mise \u00e0 l&#039;\u00e9chelle' height=\"934\" width=\"1030\"  itemprop=\"thumbnailUrl\" srcset=\"https:\/\/aeafrica.org\/wp-content\/uploads\/2024\/03\/Scaling-up-1030x934.jpg 1030w, https:\/\/aeafrica.org\/wp-content\/uploads\/2024\/03\/Scaling-up-300x272.jpg 300w, https:\/\/aeafrica.org\/wp-content\/uploads\/2024\/03\/Scaling-up-768x696.jpg 768w, https:\/\/aeafrica.org\/wp-content\/uploads\/2024\/03\/Scaling-up-705x639.jpg 705w, https:\/\/aeafrica.org\/wp-content\/uploads\/2024\/03\/Scaling-up.jpg 1060w\"  sizes=\"(max-width: 1030px) 100vw, 1030px\" \/><\/div><\/div><\/div><\/div><div  class='avia-button-wrap av-lted3x3x-402ba82d7c48cbbf848feb7a4d7406c5-wrap avia-button-center  avia-builder-el-7  el_after_av_four_fifth  avia-builder-el-last'>\n<style type=\"text\/css\" data-created_by=\"avia_inline_auto\" id=\"style-css-av-lted3x3x-402ba82d7c48cbbf848feb7a4d7406c5\">\n#top #wrap_all .avia-button.av-lted3x3x-402ba82d7c48cbbf848feb7a4d7406c5{\nborder-radius:12px 12px 12px 12px;\ntransition:all 0.4s ease-in-out;\n}\n#top #wrap_all.avia-button.av-lted3x3x-402ba82d7c48cbbf848feb7a4d7406c5:hover .avia_button_background{\nborder-radius:12px 12px 12px 12px;\n}\n<\/style>\n<a href='https:\/\/aeafrica.org\/wp-content\/uploads\/2022\/03\/Scaling-Up-Theological-Education-in-Africa-AEA-final-1.pdf' class='avia-button av-lted3x3x-402ba82d7c48cbbf848feb7a4d7406c5 avia-icon_select-yes-left-icon avia-size-large avia-position-center avia-color-theme-color' target=\"_blank\" rel=\"noopener noreferrer\"><span class='avia_button_icon avia_button_icon_left' aria-hidden='true' data-av_icon='\ue84e' data-av_iconfont='entypo-fontello'><\/span><span class='avia_iconbox_title' >T\u00e9l\u00e9charger le livre<\/span><\/a><\/div><\/p>\n<\/div><\/div><div class='flex_cell av-av_cell_three_fifth-ebe5280c498a4b568c7730bb0189ca45 av-gridrow-cell av_three_fifth no_margin  avia-builder-el-8  el_after_av_cell_two_fifth  avia-builder-el-last'  ><div class='flex_cell_inner'><p><section  class='av_textblock_section av-lteczv1b-fec8c4d9709667e77e13b056af36bb2e'   itemscope=\"itemscope\" itemtype=\"https:\/\/schema.org\/CreativeWork\" ><div class='avia_textblock'  itemprop=\"text\" ><p>L&#039;AEA a le plaisir d&#039;annoncer la sortie de\u00a0<strong><em>Renforcer la formation th\u00e9ologique en Afrique.<\/em><\/strong>\u00a0Comme beaucoup d&#039;entre vous le savent, l&#039;AEA a organis\u00e9 une consultation th\u00e9ologique en 2019 afin d&#039;\u00e9laborer et de mettre en \u0153uvre des strat\u00e9gies pour s&#039;attaquer au probl\u00e8me des pasteurs non form\u00e9s ou mal form\u00e9s sur le continent. L&#039;objectif \u00e9tait d&#039;\u00e9quiper et de renforcer les \u00e9glises locales en Afrique, les participants \u00e9tant invit\u00e9s \u00e0 intensifier la formation de 201 pasteurs suppl\u00e9mentaires au cours des cinq prochaines ann\u00e9es. Ce livre comprend une s\u00e9lection des principaux articles pr\u00e9sent\u00e9s lors de la consultation.<\/p>\n<\/div><\/section><br \/>\n<section  class='av_textblock_section av-lted55k3-6b0f7564d7384aea900b9924fef8e085'   itemscope=\"itemscope\" itemtype=\"https:\/\/schema.org\/CreativeWork\" ><div class='avia_textblock'  itemprop=\"text\" ><p>Ce livre est prot\u00e9g\u00e9 par une licence Creative Commons. Tant que personne ne le modifie ni ne le vend, vous \u00eates libre de le diffuser largement aupr\u00e8s de vos r\u00e9seaux\u00a0! Nous esp\u00e9rons \u00e9galement proposer un nombre limit\u00e9 d&#039;exemplaires papier lors de notre prochaine Assembl\u00e9e g\u00e9n\u00e9rale.<\/p>\n<p>Nous exprimons notre profonde gratitude \u00e0 chacun des contributeurs et organisateurs qui ont rendu possible la consultation et l&#039;ouvrage qui en a r\u00e9sult\u00e9. Nous esp\u00e9rons que\u00a0<em>Renforcer la formation th\u00e9ologique en Afrique<\/em>\u00a0Cela encouragera nos alliances et nos partenaires \u00e0 mettre en \u0153uvre de mani\u00e8re r\u00e9fl\u00e9chie bon nombre des id\u00e9es pr\u00e9sent\u00e9es dans ce volume.<\/p>\n<\/div><\/section><\/p>\n<\/div><\/div><\/div><div id='av-layout-grid-2'  class='av-layout-grid-container av-arbir3-8eae59305aa40655df07969a76740a10 entry-content-wrapper main_color av-fixed-cells  avia-builder-el-11  el_after_av_layout_row  avia-builder-el-last  grid-row-not-first  container_wrap sidebar_left'  >\n\n<style type=\"text\/css\" data-created_by=\"avia_inline_auto\" id=\"style-css-av-90ii5b-0474f88ad0c11e9df66947c777f54da0\">\n.flex_cell.av-90ii5b-0474f88ad0c11e9df66947c777f54da0{\nvertical-align:top;\nheight:1px;\nmin-height:1px;\nbackground-color:#6c397e;\n}\n<\/style>\n<div class='flex_cell av-90ii5b-0474f88ad0c11e9df66947c777f54da0 av-gridrow-cell av_one_fifth no_margin  avia-builder-el-12  el_before_av_cell_one_fifth  avia-builder-el-first'  ><div class='flex_cell_inner'><\/div><\/div>\n<style type=\"text\/css\" data-created_by=\"avia_inline_auto\" id=\"style-css-av-7noj3z-12e0ae8ccbe30729766fdace678e72f3\">\n.flex_cell.av-7noj3z-12e0ae8ccbe30729766fdace678e72f3{\nvertical-align:top;\nheight:1px;\nmin-height:1px;\nbackground-color:#8d56a9;\n}\n<\/style>\n<div class='flex_cell av-7noj3z-12e0ae8ccbe30729766fdace678e72f3 av-gridrow-cell av_one_fifth no_margin  avia-builder-el-13  el_after_av_cell_one_fifth  el_before_av_cell_one_fifth'  ><div class='flex_cell_inner'><\/div><\/div>\n<style type=\"text\/css\" data-created_by=\"avia_inline_auto\" id=\"style-css-av-6cv7tb-fa86f7b2d552beabc133f57687846942\">\n.flex_cell.av-6cv7tb-fa86f7b2d552beabc133f57687846942{\nvertical-align:top;\nheight:1px;\nmin-height:1px;\nbackground-color:#e6863a;\n}\n<\/style>\n<div class='flex_cell av-6cv7tb-fa86f7b2d552beabc133f57687846942 av-gridrow-cell av_one_fifth no_margin  avia-builder-el-14  el_after_av_cell_one_fifth  el_before_av_cell_one_fifth'  ><div class='flex_cell_inner'><\/div><\/div>\n<style type=\"text\/css\" data-created_by=\"avia_inline_auto\" id=\"style-css-av-d1l0v-63d8486b10851113564a88bca8e25892\">\n.flex_cell.av-d1l0v-63d8486b10851113564a88bca8e25892{\nvertical-align:top;\nheight:1px;\nmin-height:1px;\nbackground-color:#f0b45c;\n}\n<\/style>\n<div class='flex_cell av-d1l0v-63d8486b10851113564a88bca8e25892 av-gridrow-cell av_one_fifth no_margin  avia-builder-el-15  el_after_av_cell_one_fifth  el_before_av_cell_one_fifth'  ><div class='flex_cell_inner'><\/div><\/div>\n<style type=\"text\/css\" data-created_by=\"avia_inline_auto\" id=\"style-css-av-2onwxr-07a96874944eeb290b077d106ed2a94c\">\n.flex_cell.av-2onwxr-07a96874944eeb290b077d106ed2a94c{\nvertical-align:top;\nheight:1px;\nmin-height:1px;\nbackground-color:#88b36c;\n}\n<\/style>\n<div class='flex_cell av-2onwxr-07a96874944eeb290b077d106ed2a94c av-gridrow-cell av_one_fifth no_margin  avia-builder-el-16  el_after_av_cell_one_fifth  avia-builder-el-last'  ><div class='flex_cell_inner'><\/div><\/div>\n<\/div><\/p>","protected":false},"excerpt":{"rendered":"","protected":false},"author":4,"featured_media":0,"parent":0,"menu_order":0,"comment_status":"closed","ping_status":"closed","template":"","meta":{"_seopress_robots_primary_cat":"","_seopress_titles_title":"","_seopress_titles_desc":"","_seopress_robots_index":"","footnotes":""},"class_list":["post-8990","page","type-page","status-publish","hentry"],"_links":{"self":[{"href":"https:\/\/aeafrica.org\/fr\/wp-json\/wp\/v2\/pages\/8990","targetHints":{"allow":["GET"]}}],"collection":[{"href":"https:\/\/aeafrica.org\/fr\/wp-json\/wp\/v2\/pages"}],"about":[{"href":"https:\/\/aeafrica.org\/fr\/wp-json\/wp\/v2\/types\/page"}],"author":[{"embeddable":true,"href":"https:\/\/aeafrica.org\/fr\/wp-json\/wp\/v2\/users\/4"}],"replies":[{"embeddable":true,"href":"https:\/\/aeafrica.org\/fr\/wp-json\/wp\/v2\/comments?post=8990"}],"version-history":[{"count":4,"href":"https:\/\/aeafrica.org\/fr\/wp-json\/wp\/v2\/pages\/8990\/revisions"}],"predecessor-version":[{"id":8997,"href":"https:\/\/aeafrica.org\/fr\/wp-json\/wp\/v2\/pages\/8990\/revisions\/8997"}],"wp:attachment":[{"href":"https:\/\/aeafrica.org\/fr\/wp-json\/wp\/v2\/media?parent=8990"}],"curies":[{"name":"wp","href":"https:\/\/api.w.org\/{rel}","templated":true}]}}