{"id":10185,"date":"2025-06-18T10:07:58","date_gmt":"2025-06-18T10:07:58","guid":{"rendered":"https:\/\/aeafrica.org\/?page_id=10185"},"modified":"2025-06-19T08:19:22","modified_gmt":"2025-06-19T08:19:22","slug":"arise-africa-2","status":"publish","type":"page","link":"https:\/\/aeafrica.org\/pt\/arise-africa-2\/","title":{"rendered":"Comiss\u00e3o de Evangelismo e Miss\u00f5es da AEA"},"content":{"rendered":"<div id='av-layout-grid-1'  class='av-layout-grid-container av-79jplt-5868a7e50d3b8d680347dfda926b773e entry-content-wrapper main_color av-flex-cells  avia-builder-el-0  avia-builder-el-no-sibling   container_wrap sidebar_left'  >\n\n<style type=\"text\/css\" data-created_by=\"avia_inline_auto\" id=\"style-css-av-m0anov2y-d12ae848bee020adfa4a24d341840e55\">\n.flex_cell.av-m0anov2y-d12ae848bee020adfa4a24d341840e55{\nvertical-align:top;\nbackground-color:#ffffff;\nbackground:linear-gradient( to bottom, #ffffff, #ffffff );\n}\n.responsive #top #wrap_all .flex_cell.av-m0anov2y-d12ae848bee020adfa4a24d341840e55{\npadding:10% 10% 10% 10% !important;\n}\n<\/style>\n<div class='flex_cell av-m0anov2y-d12ae848bee020adfa4a24d341840e55 av-gridrow-cell av_one_full no_margin  avia-builder-el-1  avia-builder-el-no-sibling'  ><div class='flex_cell_inner'><p>\n<style type=\"text\/css\" data-created_by=\"avia_inline_auto\" id=\"style-css-av-mc1spl5s-dcd00752cc62c61cb44ec1146dd6ca0f\">\n.avia-image-container.av-mc1spl5s-dcd00752cc62c61cb44ec1146dd6ca0f img.avia_image{\nbox-shadow:none;\n}\n.avia-image-container.av-mc1spl5s-dcd00752cc62c61cb44ec1146dd6ca0f .av-image-caption-overlay-center{\ncolor:#ffffff;\n}\n<\/style>\n<div  class='avia-image-container av-mc1spl5s-dcd00752cc62c61cb44ec1146dd6ca0f av-styling- avia-align-center  avia-builder-el-2  el_before_av_textblock  avia-builder-el-first'   itemprop=\"image\" itemscope=\"itemscope\" itemtype=\"https:\/\/schema.org\/ImageObject\" ><div class=\"avia-image-container-inner\"><div class=\"avia-image-overlay-wrap\"><img alt=\"\" decoding=\"async\" fetchpriority=\"high\" class='wp-image-10186 avia-img-lazy-loading-not-10186 avia_image' src=\"https:\/\/aeafrica.org\/wp-content\/uploads\/2025\/06\/DR.-ESAYAS-PAGE-1030x687.jpg\" title='P\u00c1GINA DO DR. ESAYAS' height=\"687\" width=\"1030\"  itemprop=\"thumbnailUrl\" srcset=\"https:\/\/aeafrica.org\/wp-content\/uploads\/2025\/06\/DR.-ESAYAS-PAGE-1030x687.jpg 1030w, https:\/\/aeafrica.org\/wp-content\/uploads\/2025\/06\/DR.-ESAYAS-PAGE-300x200.jpg 300w, https:\/\/aeafrica.org\/wp-content\/uploads\/2025\/06\/DR.-ESAYAS-PAGE-768x512.jpg 768w, https:\/\/aeafrica.org\/wp-content\/uploads\/2025\/06\/DR.-ESAYAS-PAGE-1536x1024.jpg 1536w, https:\/\/aeafrica.org\/wp-content\/uploads\/2025\/06\/DR.-ESAYAS-PAGE-2048x1365.jpg 2048w, https:\/\/aeafrica.org\/wp-content\/uploads\/2025\/06\/DR.-ESAYAS-PAGE-18x12.jpg 18w, https:\/\/aeafrica.org\/wp-content\/uploads\/2025\/06\/DR.-ESAYAS-PAGE-1500x1000.jpg 1500w, https:\/\/aeafrica.org\/wp-content\/uploads\/2025\/06\/DR.-ESAYAS-PAGE-705x470.jpg 705w\"  sizes=\"(max-width: 1030px) 100vw, 1030px\" \/><\/div><\/div><\/div><br \/>\n\n<style type=\"text\/css\" data-created_by=\"avia_inline_auto\" id=\"style-css-av-m0anphw3-eb5d7e8a374b500fb85e3afbc3b0f04e\">\n\n@media only screen and (min-width: 990px){ \n#top .av_textblock_section.av-m0anphw3-eb5d7e8a374b500fb85e3afbc3b0f04e .avia_textblock{\nfont-size:20px;\n}\n}\n\n@media only screen and (max-width: 479px){ \n#top .av_textblock_section.av-m0anphw3-eb5d7e8a374b500fb85e3afbc3b0f04e .avia_textblock{\nfont-size:15px;\n}\n}\n<\/style>\n<section  class='av_textblock_section av-m0anphw3-eb5d7e8a374b500fb85e3afbc3b0f04e'   itemscope=\"itemscope\" itemtype=\"https:\/\/schema.org\/CreativeWork\" ><div class='avia_textblock'  itemprop=\"text\" ><p style=\"text-align: center;\">Dr. Esayas Ersabo \u2013 Diretor Executivo, Miss\u00f5es<\/p>\n<\/div><\/section><br \/>\n\n<style type=\"text\/css\" data-created_by=\"avia_inline_auto\" id=\"style-css-av-v1a9op-79f25857fdf2a4e83f4a56b20957fad2\">\n#top .av-special-heading.av-v1a9op-79f25857fdf2a4e83f4a56b20957fad2{\npadding-bottom:30px;\ncolor:#662770;\nfont-size:40px;\n}\nbody .av-special-heading.av-v1a9op-79f25857fdf2a4e83f4a56b20957fad2 .av-special-heading-tag .heading-char{\nfont-size:25px;\n}\n#top #wrap_all .av-special-heading.av-v1a9op-79f25857fdf2a4e83f4a56b20957fad2 .av-special-heading-tag{\nfont-size:40px;\n}\n.av-special-heading.av-v1a9op-79f25857fdf2a4e83f4a56b20957fad2 .special-heading-inner-border{\nborder-color:#662770;\n}\n.av-special-heading.av-v1a9op-79f25857fdf2a4e83f4a56b20957fad2 .av-subheading{\nfont-size:15px;\n}\n\n@media only screen and (min-width: 480px) and (max-width: 767px){ \n#top #wrap_all .av-special-heading.av-v1a9op-79f25857fdf2a4e83f4a56b20957fad2 .av-special-heading-tag{\nfont-size:0.8em;\n}\n}\n\n@media only screen and (max-width: 479px){ \n#top #wrap_all .av-special-heading.av-v1a9op-79f25857fdf2a4e83f4a56b20957fad2 .av-special-heading-tag{\nfont-size:0.8em;\n}\n}\n<\/style>\n<div  class='av-special-heading av-v1a9op-79f25857fdf2a4e83f4a56b20957fad2 av-special-heading-h2 custom-color-heading blockquote modern-quote modern-centered  avia-builder-el-4  el_after_av_textblock  el_before_av_textblock  av-inherit-size'><h2 class='av-special-heading-tag'  itemprop=\"headline\"  >Crie estrat\u00e9gias. Mobilize. Treine. Mente.<\/h2><div class=\"special-heading-border\"><div class=\"special-heading-inner-border\"><\/div><\/div><\/div><br \/>\n\n<style type=\"text\/css\" data-created_by=\"avia_inline_auto\" id=\"style-css-av-ilmfxl-8daa616a3917ba6e904e2b5a46317c60\">\n\n@media only screen and (min-width: 990px){ \n#top .av_textblock_section.av-ilmfxl-8daa616a3917ba6e904e2b5a46317c60 .avia_textblock{\nfont-size:20px;\n}\n}\n\n@media only screen and (max-width: 479px){ \n#top .av_textblock_section.av-ilmfxl-8daa616a3917ba6e904e2b5a46317c60 .avia_textblock{\nfont-size:15px;\n}\n}\n<\/style>\n<section  class='av_textblock_section av-ilmfxl-8daa616a3917ba6e904e2b5a46317c60'   itemscope=\"itemscope\" itemtype=\"https:\/\/schema.org\/CreativeWork\" ><div class='avia_textblock'  itemprop=\"text\" ><p style=\"text-align: left;\"><strong>MOVIMENTO DE DISCIPULADO MISSIONAL INTEGRADO EM TODA A \u00c1FRICA\u00a0<\/strong><\/p>\n<p style=\"text-align: left;\">O Departamento de Miss\u00f5es da AEA opera com um foco qu\u00e1druplo claro para catalisar um movimento de discipulado mission\u00e1rio integrado que seja biblicamente fundamentado, contextualmente relevante e escal\u00e1vel continentalmente.<\/p>\n<ol>\n<li style=\"list-style-type: none;\">\n<ol style=\"text-align: left;\">\n<li><strong>Elabore uma estrat\u00e9gia:<\/strong> Projetando Estruturas Mission\u00e1rias Continentais e Contextuais<\/li>\n<\/ol>\n<\/li>\n<\/ol>\n<p style=\"text-align: left;\">Desenvolvemos e alinhamos estruturas de discipulado missional integradas, adaptadas \u00e0s diversas realidades da \u00c1frica. Isso inclui:<\/p>\n<ul>\n<li style=\"list-style-type: none;\">\n<ul style=\"text-align: left;\">\n<li>Elaborar estruturas teol\u00f3gicas e pr\u00e1ticas que reflitam o m\u00e9todo de Jesus para fazer disc\u00edpulos.<\/li>\n<li>Facilitar consultas estrat\u00e9gicas com l\u00edderes continentais e nacionais para moldar a dire\u00e7\u00e3o e unificar o prop\u00f3sito.<\/li>\n<li>Integrando a Agenda 2063, o Evangelho do Reino e a justi\u00e7a b\u00edblica no planejamento da miss\u00e3o.<\/li>\n<\/ul>\n<\/li>\n<\/ul>\n<ol>\n<li style=\"list-style-type: none;\">\n<ol style=\"text-align: left;\" start=\"2\">\n<li><strong> Mobilizar: <\/strong>Crie uma rede e impulsione os movimentos nacionais<\/li>\n<\/ol>\n<\/li>\n<\/ol>\n<p style=\"text-align: left;\">Mobilizamos as igrejas evang\u00e9licas em toda a \u00c1frica para agir por meio de:<\/p>\n<ul>\n<li style=\"list-style-type: none;\">\n<ul style=\"text-align: left;\">\n<li>Parceria com as National Evangelical Fellowships (NEFs) em todos os 54 pa\u00edses para liderar iniciativas integradas de discipulado mission\u00e1rio.<\/li>\n<li>Lan\u00e7ar uma abordagem unificada, como \u201cMais uma hora aos domingos\u201d, para ancorar o discipulado mission\u00e1rio estruturado no ritmo semanal da igreja.<\/li>\n<li>Criando plataformas para colabora\u00e7\u00e3o entre denomina\u00e7\u00f5es, institui\u00e7\u00f5es e ag\u00eancias mission\u00e1rias.<\/li>\n<\/ul>\n<\/li>\n<\/ul>\n<ol>\n<li style=\"list-style-type: none;\">\n<ol style=\"text-align: left;\" start=\"3\">\n<li><strong>Trem:<\/strong> Equipando l\u00edderes para o engajamento estrat\u00e9gico no discipulado missional.<\/li>\n<\/ol>\n<\/li>\n<\/ol>\n<p style=\"text-align: left;\">Desenvolvemos a capacidade de l\u00edderes em todos os n\u00edveis por meio de:<\/p>\n<ul>\n<li style=\"list-style-type: none;\">\n<ul style=\"text-align: left;\">\n<li>M\u00f3dulos de treinamento contextual sobre temas centrais do discipulado: Evangelho do Reino, forma\u00e7\u00e3o espiritual e miss\u00e3o.<\/li>\n<li>Implementar coortes de L\u00edderes Fazedores de Disc\u00edpulos (DML) de dois anos para equipar l\u00edderes nacionais e regionais.<\/li>\n<li>Desenvolver ferramentas, manuais e recursos que igrejas e comunidades possam aplicar imediatamente.<\/li>\n<\/ul>\n<\/li>\n<\/ul>\n<ol>\n<li style=\"list-style-type: none;\">\n<ol style=\"text-align: left;\" start=\"4\">\n<li><strong> Mentor:<\/strong> Forjando uma responsabilidade relacional e de vida para vida<\/li>\n<\/ol>\n<\/li>\n<\/ol>\n<p style=\"text-align: left;\">Priorizamos a orienta\u00e7\u00e3o baseada em relacionamentos para promover o crescimento do car\u00e1ter e das habilidades de lideran\u00e7a.<\/p>\n<ul>\n<li style=\"list-style-type: none;\">\n<ul>\n<li style=\"text-align: left;\">Fornecer treinamento consistente e mentoria em grupo para os principais l\u00edderes da NEF<\/li>\n<li style=\"text-align: left;\">Acompanhando os l\u00edderes enquanto eles refletem, adaptam e aprimoram as estrat\u00e9gias da AEA.<\/li>\n<li style=\"text-align: left;\">Incorporando uma cultura de responsabilidade, multiplica\u00e7\u00e3o e transforma\u00e7\u00e3o espiritual em tudo o que fazemos.<\/li>\n<\/ul>\n<\/li>\n<\/ul>\n<\/div><\/section><\/p>\n<\/div><\/div><\/div>","protected":false},"excerpt":{"rendered":"","protected":false},"author":1,"featured_media":0,"parent":0,"menu_order":0,"comment_status":"closed","ping_status":"closed","template":"","meta":{"_seopress_robots_primary_cat":"","_seopress_titles_title":"","_seopress_titles_desc":"","_seopress_robots_index":"","footnotes":""},"class_list":["post-10185","page","type-page","status-publish","hentry"],"_links":{"self":[{"href":"https:\/\/aeafrica.org\/pt\/wp-json\/wp\/v2\/pages\/10185","targetHints":{"allow":["GET"]}}],"collection":[{"href":"https:\/\/aeafrica.org\/pt\/wp-json\/wp\/v2\/pages"}],"about":[{"href":"https:\/\/aeafrica.org\/pt\/wp-json\/wp\/v2\/types\/page"}],"author":[{"embeddable":true,"href":"https:\/\/aeafrica.org\/pt\/wp-json\/wp\/v2\/users\/1"}],"replies":[{"embeddable":true,"href":"https:\/\/aeafrica.org\/pt\/wp-json\/wp\/v2\/comments?post=10185"}],"version-history":[{"count":14,"href":"https:\/\/aeafrica.org\/pt\/wp-json\/wp\/v2\/pages\/10185\/revisions"}],"predecessor-version":[{"id":10211,"href":"https:\/\/aeafrica.org\/pt\/wp-json\/wp\/v2\/pages\/10185\/revisions\/10211"}],"wp:attachment":[{"href":"https:\/\/aeafrica.org\/pt\/wp-json\/wp\/v2\/media?parent=10185"}],"curies":[{"name":"wp","href":"https:\/\/api.w.org\/{rel}","templated":true}]}}