{"id":8911,"date":"2024-03-04T14:43:16","date_gmt":"2024-03-04T14:43:16","guid":{"rendered":"https:\/\/migrate.perfectlydigital.dev\/?page_id=8911"},"modified":"2024-03-05T12:25:22","modified_gmt":"2024-03-05T12:25:22","slug":"podcast","status":"publish","type":"page","link":"https:\/\/aeafrica.org\/pt\/podcast\/","title":{"rendered":"Podcast"},"content":{"rendered":"<style type=\"text\/css\" data-created_by=\"avia_inline_auto\" id=\"style-css-av-3u7r8v-1a7163fd45fc114c4c0e35e8d92e17e2\">\n.avia-section.av-3u7r8v-1a7163fd45fc114c4c0e35e8d92e17e2 .av-parallax .av-parallax-inner{\nbackground-repeat:no-repeat;\nbackground-image:url(https:\/\/aeafrica.org\/wp-content\/uploads\/2024\/03\/podcast.jpg);\nbackground-position:0% 0%;\nbackground-attachment:scroll;\n}\n<\/style>\n<div id='av_section_1'  class='avia-section av-3u7r8v-1a7163fd45fc114c4c0e35e8d92e17e2 main_color avia-section-large avia-no-border-styling  avia-builder-el-0  el_before_av_codeblock  avia-builder-el-first  avia-full-stretch av-parallax-section avia-bg-style-parallax av-minimum-height av-minimum-height-50 av-height-50  container_wrap sidebar_left'  data-section-bg-repeat='stretch' data-av_minimum_height_pc='50' data-av_min_height_opt='50'><div class='av-parallax' data-avia-parallax-ratio='0.3' ><div class='av-parallax-inner main_color avia-full-stretch'><\/div><\/div><div class='container av-section-cont-open' ><main  role=\"main\" itemprop=\"mainContentOfPage\"  class='template-page content  av-content-small units'><div class='post-entry post-entry-type-page post-entry-8911'><div class='entry-content-wrapper clearfix'>\n\n<style type=\"text\/css\" data-created_by=\"avia_inline_auto\" id=\"style-css-av-lteaya7l-7f19c5164c96af41f6c559bfecd56754\">\n#top .av-special-heading.av-lteaya7l-7f19c5164c96af41f6c559bfecd56754{\npadding-bottom:10px;\ncolor:#ffffff;\nfont-size:50px;\n}\nbody .av-special-heading.av-lteaya7l-7f19c5164c96af41f6c559bfecd56754 .av-special-heading-tag .heading-char{\nfont-size:25px;\n}\n#top #wrap_all .av-special-heading.av-lteaya7l-7f19c5164c96af41f6c559bfecd56754 .av-special-heading-tag{\nfont-size:50px;\n}\n.av-special-heading.av-lteaya7l-7f19c5164c96af41f6c559bfecd56754 .special-heading-inner-border{\nborder-color:#ffffff;\n}\n.av-special-heading.av-lteaya7l-7f19c5164c96af41f6c559bfecd56754 .av-subheading{\nfont-size:15px;\n}\n\n@media only screen and (min-width: 480px) and (max-width: 767px){ \n#top #wrap_all .av-special-heading.av-lteaya7l-7f19c5164c96af41f6c559bfecd56754 .av-special-heading-tag{\nfont-size:0.8em;\n}\n}\n\n@media only screen and (max-width: 479px){ \n#top #wrap_all .av-special-heading.av-lteaya7l-7f19c5164c96af41f6c559bfecd56754 .av-special-heading-tag{\nfont-size:0.8em;\n}\n}\n<\/style>\n<div  class='av-special-heading av-lteaya7l-7f19c5164c96af41f6c559bfecd56754 av-special-heading-h1 custom-color-heading blockquote modern-quote modern-centered  avia-builder-el-1  avia-builder-el-no-sibling  av-inherit-size'><h1 class='av-special-heading-tag'  itemprop=\"headline\"  >O Podcast Afroscope<\/h1><div class=\"special-heading-border\"><div class=\"special-heading-inner-border\"><\/div><\/div><\/div>\n<\/div><\/div><\/main><!-- close content main element --><\/div><\/div><div id='after_section_1'  class='main_color av_default_container_wrap container_wrap sidebar_left'  ><div class='container av-section-cont-open' ><div class='template-page content  av-content-small units'><div class='post-entry post-entry-type-page post-entry-8911'><div class='entry-content-wrapper clearfix'>\n\n<div  class='flex_column av-av_one_fourth-048119fdb636ea3d70edc0b975509c6c av_one_fourth  avia-builder-el-3  el_after_av_codeblock  el_before_av_one_half  first flex_column_div'     ><\/div>\n<div  class='flex_column av-av_one_half-feecfcc73494c68bb0d1632d1d5c38ae av_one_half  avia-builder-el-4  el_after_av_one_fourth  el_before_av_one_fourth  flex_column_div'     ><style type=\"text\/css\" data-created_by=\"avia_inline_auto\" id=\"style-css-av-ltecbk53-1c0fdd6985fc65a0996d887d6b07c43c\">\n.avia-buttonrow-wrap.av-ltecbk53-1c0fdd6985fc65a0996d887d6b07c43c .avia-button{\npadding:12px 12px 12px 12px;\n}\n<\/style>\n<div  class='avia-buttonrow-wrap av-ltecbk53-1c0fdd6985fc65a0996d887d6b07c43c avia-buttonrow-center  avia-builder-el-5  avia-builder-el-no-sibling'>\n\n<style type=\"text\/css\" data-created_by=\"avia_inline_auto\" id=\"style-css-av-ltec63ui-e17c54100e359923429e5b8816a495b3\">\n#top #wrap_all .avia-button.av-ltec63ui-e17c54100e359923429e5b8816a495b3{\nborder-radius:12px 12px 12px 12px;\ntransition:all 0.4s ease-in-out;\nmargin-bottom:5px;\nmargin-right:3px;\nmargin-left:3px;\n}\n#top #wrap_all .avia-button.av-ltec63ui-e17c54100e359923429e5b8816a495b3:hover .avia_button_background{\nborder-radius:12px 12px 12px 12px;\n}\n<\/style>\n<a href='https:\/\/player.edifi.app\/channels\/The-Afroscope-Podcast\/26403?ts=1709641082426'  class='avia-button av-ltec63ui-e17c54100e359923429e5b8816a495b3 avia-icon_select-yes-left-icon avia-size-medium avia-color-theme-color'  ><span class='avia_button_icon avia_button_icon_left' aria-hidden='true' data-av_icon='\ue853' data-av_iconfont='entypo-fontello'><\/span><span class='avia_iconbox_title' >Inscreva-se no Edifi<\/span><\/a>\n\n<style type=\"text\/css\" data-created_by=\"avia_inline_auto\" id=\"style-css-av-ltec63ui-f379beb4daefa534fe5878ee17a0bd53\">\n#top #wrap_all .avia-button.av-ltec63ui-f379beb4daefa534fe5878ee17a0bd53{\nborder-radius:12px 12px 12px 12px;\ntransition:all 0.4s ease-in-out;\nmargin-bottom:5px;\nmargin-right:3px;\nmargin-left:3px;\n}\n#top #wrap_all .avia-button.av-ltec63ui-f379beb4daefa534fe5878ee17a0bd53:hover .avia_button_background{\nborder-radius:12px 12px 12px 12px;\n}\n<\/style>\n<a href='https:\/\/open.spotify.com\/show\/75ewFGd8HXTlldVRKlfCtK'  class='avia-button av-ltec63ui-f379beb4daefa534fe5878ee17a0bd53 avia-icon_select-yes-left-icon avia-size-medium avia-color-theme-color'  ><span class='avia_button_icon avia_button_icon_left' aria-hidden='true' data-av_icon='\ue907' data-av_iconfont='entypo-fontello'><\/span><span class='avia_iconbox_title' >Inscreva-se no Spotify<\/span><\/a>\n<\/div><\/div><div  class='flex_column av-av_one_fourth-feecfcc73494c68bb0d1632d1d5c38ae av_one_fourth  avia-builder-el-6  el_after_av_one_half  el_before_av_section  avia-builder-el-last  flex_column_div'     ><\/div><\/p>\n<\/div><\/div><\/div><!-- close content main div --><\/div><\/div><div id='av_section_2'  class='avia-section av-8pz67-9a7bb9394ff4a6759261bd5a9fe1480a main_color avia-section-large avia-no-border-styling  avia-builder-el-7  el_after_av_one_fourth  el_before_av_layout_row  avia-bg-style-scroll container_wrap sidebar_left'  ><div class='container av-section-cont-open' ><div class='template-page content  av-content-small units'><div class='post-entry post-entry-type-page post-entry-8911'><div class='entry-content-wrapper clearfix'>\n\n<style type=\"text\/css\" data-created_by=\"avia_inline_auto\" id=\"style-css-av-lteb0oqp-c45512d49f19da0ef737899745206278\">\n#top .av-special-heading.av-lteb0oqp-c45512d49f19da0ef737899745206278{\npadding-bottom:50px;\n}\nbody .av-special-heading.av-lteb0oqp-c45512d49f19da0ef737899745206278 .av-special-heading-tag .heading-char{\nfont-size:25px;\n}\n.av-special-heading.av-lteb0oqp-c45512d49f19da0ef737899745206278 .av-subheading{\nfont-size:15px;\n}\n<\/style>\n<div  class='av-special-heading av-lteb0oqp-c45512d49f19da0ef737899745206278 av-special-heading-h2 blockquote modern-quote modern-centered  avia-builder-el-8  el_before_av_textblock  avia-builder-el-first'><h2 class='av-special-heading-tag'  itemprop=\"headline\"  >A \u00c1frica que Deus quer<\/h2><div class=\"special-heading-border\"><div class=\"special-heading-inner-border\"><\/div><\/div><\/div>\n\n<style type=\"text\/css\" data-created_by=\"avia_inline_auto\" id=\"style-css-av-lteb088u-c850dc47818db06aee5d395156c71056\">\n#top .av_textblock_section.av-lteb088u-c850dc47818db06aee5d395156c71056 .avia_textblock{\ncolumn-count:3;\n}\n\n@media only screen and (max-width: 479px){ \n#top .av_textblock_section.av-lteb088u-c850dc47818db06aee5d395156c71056 .avia_textblock{\ncolumn-count:1;\n}\n.av_textblock_section.av-lteb088u-c850dc47818db06aee5d395156c71056 .avia_textblock.av_multi_colums > p:first-child{\nmargin-top:0.85em;\n}\n}\n<\/style>\n<section  class='av_textblock_section av-lteb088u-c850dc47818db06aee5d395156c71056'   itemscope=\"itemscope\" itemtype=\"https:\/\/schema.org\/CreativeWork\" ><div class='avia_textblock av_multi_colums'  itemprop=\"text\" ><p>O podcast Afroscope estreou em 15 de dezembro de 2021, com epis\u00f3dios em ingl\u00eas e franc\u00eas. O podcast quinzenal estar\u00e1 dispon\u00edvel na Edifi Podcast Network, onde uma cole\u00e7\u00e3o de podcasts transformadores e inspiradores de f\u00e9 \u00e9 hospedada.\u00a0<strong><a href=\"https:\/\/edifi.app\/\" target=\"_blank\" rel=\"noopener\">Edifi<\/a>\u00a0<\/strong>um dos aplicativos de podcasting crist\u00e3o mais poderosos. Para baixar o aplicativo, por favor<strong> <a href=\"https:\/\/edifi.app\/\" target=\"_blank\" rel=\"noopener\">Clique aqui<\/a><\/strong><\/p>\n<p>O podcast Afroscope est\u00e1 pronto para compartilhar conte\u00fado cativante e transformador da \u00c1frica para o mundo. Para ouvir os primeiros epis\u00f3dios do podcast, por favor <strong><a href=\"https:\/\/bit.ly\/3GQtaur\" target=\"_blank\" rel=\"noopener\">Clique aqui<\/a><\/strong><\/p>\n<p>O podcast permitir\u00e1 que l\u00edderes evang\u00e9licos de todo o continente se envolvam em conversas que buscar\u00e3o abordar as complexas quest\u00f5es enfrentadas pela igreja na \u00c1frica. Ser\u00e1 uma plataforma para mobilizar a igreja alcan\u00e7ada na \u00c1frica para miss\u00f5es na \u00c1frica n\u00e3o alcan\u00e7ada. O podcast buscar\u00e1 fornecer um meio para o fortalecimento da capacidade das Alian\u00e7as Evang\u00e9licas Nacionais e organiza\u00e7\u00f5es parceiras que trabalham com a igreja para garantir tanto a proclama\u00e7\u00e3o quanto a demonstra\u00e7\u00e3o do Evangelho.<\/p>\n<p>A m\u00eddia \u00e9 uma ferramenta muito poderosa para fornecer uma narrativa para a cultura. O podcast criar\u00e1 programas personalizados para abordar quest\u00f5es culturalmente relevantes. Com a r\u00e1pida evolu\u00e7\u00e3o da tecnologia da m\u00eddia, o podcast \u00e9 o meio de comunica\u00e7\u00e3o que mais cresce. Nas palavras do Secret\u00e1rio-Geral da AEA, Dr. Master Matlhaope, este podcast ser\u00e1 um porta-voz dos evang\u00e9licos na \u00c1frica.<\/p>\n<p>O podcast d\u00e1 in\u00edcio aos esfor\u00e7os de constru\u00e7\u00e3o de uma rede diversificada de recursos que moldar\u00e3o a face da cultura crist\u00e3 na \u00c1frica e al\u00e9m.<\/p>\n<\/div><\/section>\n<\/div><\/div><\/div><!-- close content main div --><\/div><\/div><div id='av-layout-grid-1'  class='av-layout-grid-container av-av_layout_row-e47378e030741ab0e578284f03a9967f entry-content-wrapper main_color av-fixed-cells  avia-builder-el-10  el_after_av_section  avia-builder-el-last  grid-row-not-first  container_wrap sidebar_left'  >\n\n<style type=\"text\/css\" data-created_by=\"avia_inline_auto\" id=\"style-css-av-av_cell_one_fifth-e5a6e91c2c280b628051ea3d667560fe\">\n.flex_cell.av-av_cell_one_fifth-e5a6e91c2c280b628051ea3d667560fe{\nvertical-align:top;\nheight:1px;\nmin-height:1px;\nbackground-color:#6c397e;\n}\n<\/style>\n<div class='flex_cell av-av_cell_one_fifth-e5a6e91c2c280b628051ea3d667560fe av-gridrow-cell av_one_fifth no_margin  avia-builder-el-11  el_before_av_cell_one_fifth  avia-builder-el-first'  ><div class='flex_cell_inner'><\/div><\/div>\n<style type=\"text\/css\" data-created_by=\"avia_inline_auto\" id=\"style-css-av-av_cell_one_fifth-a81b4e448ab672d4a03abae48c0c8310\">\n.flex_cell.av-av_cell_one_fifth-a81b4e448ab672d4a03abae48c0c8310{\nvertical-align:top;\nheight:1px;\nmin-height:1px;\nbackground-color:#8d56a9;\n}\n<\/style>\n<div class='flex_cell av-av_cell_one_fifth-a81b4e448ab672d4a03abae48c0c8310 av-gridrow-cell av_one_fifth no_margin  avia-builder-el-12  el_after_av_cell_one_fifth  el_before_av_cell_one_fifth'  ><div class='flex_cell_inner'><\/div><\/div>\n<style type=\"text\/css\" data-created_by=\"avia_inline_auto\" id=\"style-css-av-av_cell_one_fifth-4e084a541d7ff95ca09babd3c1ee946a\">\n.flex_cell.av-av_cell_one_fifth-4e084a541d7ff95ca09babd3c1ee946a{\nvertical-align:top;\nheight:1px;\nmin-height:1px;\nbackground-color:#e6863a;\n}\n<\/style>\n<div class='flex_cell av-av_cell_one_fifth-4e084a541d7ff95ca09babd3c1ee946a av-gridrow-cell av_one_fifth no_margin  avia-builder-el-13  el_after_av_cell_one_fifth  el_before_av_cell_one_fifth'  ><div class='flex_cell_inner'><\/div><\/div>\n<style type=\"text\/css\" data-created_by=\"avia_inline_auto\" id=\"style-css-av-av_cell_one_fifth-defffec0b056f0db863254981facc1c1\">\n.flex_cell.av-av_cell_one_fifth-defffec0b056f0db863254981facc1c1{\nvertical-align:top;\nheight:1px;\nmin-height:1px;\nbackground-color:#f0b45c;\n}\n<\/style>\n<div class='flex_cell av-av_cell_one_fifth-defffec0b056f0db863254981facc1c1 av-gridrow-cell av_one_fifth no_margin  avia-builder-el-14  el_after_av_cell_one_fifth  el_before_av_cell_one_fifth'  ><div class='flex_cell_inner'><\/div><\/div>\n<style type=\"text\/css\" data-created_by=\"avia_inline_auto\" id=\"style-css-av-av_cell_one_fifth-1f9d3a9e186cc65f255997c3281478b9\">\n.flex_cell.av-av_cell_one_fifth-1f9d3a9e186cc65f255997c3281478b9{\nvertical-align:top;\nheight:1px;\nmin-height:1px;\nbackground-color:#88b36c;\n}\n<\/style>\n<div class='flex_cell av-av_cell_one_fifth-1f9d3a9e186cc65f255997c3281478b9 av-gridrow-cell av_one_fifth no_margin  avia-builder-el-15  el_after_av_cell_one_fifth  avia-builder-el-last'  ><div class='flex_cell_inner'><\/div><\/div>\n<\/div><\/p>","protected":false},"excerpt":{"rendered":"","protected":false},"author":4,"featured_media":0,"parent":0,"menu_order":0,"comment_status":"closed","ping_status":"closed","template":"","meta":{"_seopress_robots_primary_cat":"","_seopress_titles_title":"","_seopress_titles_desc":"","_seopress_robots_index":"","footnotes":""},"class_list":["post-8911","page","type-page","status-publish","hentry"],"_links":{"self":[{"href":"https:\/\/aeafrica.org\/pt\/wp-json\/wp\/v2\/pages\/8911","targetHints":{"allow":["GET"]}}],"collection":[{"href":"https:\/\/aeafrica.org\/pt\/wp-json\/wp\/v2\/pages"}],"about":[{"href":"https:\/\/aeafrica.org\/pt\/wp-json\/wp\/v2\/types\/page"}],"author":[{"embeddable":true,"href":"https:\/\/aeafrica.org\/pt\/wp-json\/wp\/v2\/users\/4"}],"replies":[{"embeddable":true,"href":"https:\/\/aeafrica.org\/pt\/wp-json\/wp\/v2\/comments?post=8911"}],"version-history":[{"count":13,"href":"https:\/\/aeafrica.org\/pt\/wp-json\/wp\/v2\/pages\/8911\/revisions"}],"predecessor-version":[{"id":8988,"href":"https:\/\/aeafrica.org\/pt\/wp-json\/wp\/v2\/pages\/8911\/revisions\/8988"}],"wp:attachment":[{"href":"https:\/\/aeafrica.org\/pt\/wp-json\/wp\/v2\/media?parent=8911"}],"curies":[{"name":"wp","href":"https:\/\/api.w.org\/{rel}","templated":true}]}}