{"id":9485,"date":"2024-08-27T08:35:00","date_gmt":"2024-08-27T08:35:00","guid":{"rendered":"https:\/\/migrate.perfectlydigital.dev\/?page_id=9485"},"modified":"2024-08-27T19:02:56","modified_gmt":"2024-08-27T19:02:56","slug":"our-associate-members","status":"publish","type":"page","link":"https:\/\/aeafrica.org\/pt\/our-associate-members\/","title":{"rendered":"Nossos Membros Associados"},"content":{"rendered":"<figure class=\"wp-block-table\"><table class=\"has-fixed-layout\"><tbody><tr><td>Miss\u00e3o para o Interior da \u00c1frica (AIM)<\/td><td><a href=\"https:\/\/aimint.org\">https:\/\/aimint.org<\/a><\/td><\/tr><tr><td>Minist\u00e9rios de Lideran\u00e7a e Reconcilia\u00e7\u00e3o da \u00c1frica (ALARM)<\/td><td><a href=\"https:\/\/www.alarm-inc.org\">https:\/\/www.alarm-inc.org<\/a><\/td><\/tr><tr><td>OC \u00c1frica<\/td><td><a href=\"https:\/\/ocafrica.org\">https:\/\/ocafrica.org<\/a><\/td><\/tr><tr><td>Compaix\u00e3o Internacional&nbsp;&nbsp;&nbsp;&nbsp;<\/td><td><a href=\"https:\/\/www.compassion.com\">https:\/\/www.compassion.com<\/a><\/td><\/tr><tr><td>Os Navegadores da \u00c1frica<\/td><td><a href=\"https:\/\/navigatorsafrica.org\">https:\/\/navigatorsafrica.org<\/a><\/td><\/tr><tr><td>Servi\u00e7os para a \u00c1frica&nbsp;&nbsp;<\/td><td><\/td><\/tr><tr><td>Servindo na Miss\u00e3o Internacional (SIM)<\/td><td><a href=\"https:\/\/www.sim.org\">https:\/\/www.sim.org<\/a><\/td><\/tr><tr><td>Vis\u00e3o Mundial Internacional<\/td><td><a href=\"https:\/\/www.wvi.org\">https:\/\/www.wvi.org<\/a><\/td><\/tr><tr><td>Alian\u00e7a Global Wycliffe<\/td><td><a href=\"https:\/\/www.wycliffe.net\">https:\/\/www.wycliffe.net<\/a><\/td><\/tr><tr><td>ENTRE<\/td><td>&nbsp;<\/td><\/tr><tr><td>Living Water International (Regi\u00e3o da \u00c1frica)<\/td><td><a href=\"https:\/\/water.cc\">https:\/\/water.cc<\/a><\/td><\/tr><tr><td>Rede de Miss\u00f5es da \u00c1frica<\/td><td>&nbsp;<\/td><\/tr><tr><td>Universidade Daystar<\/td><td><a href=\"https:\/\/www.daystar.ac.ke\">https:\/\/www.daystar.ac.ke<\/a><\/td><\/tr><tr><td>Empreendedor Motivado pela F\u00e9<\/td><td><a href=\"https:\/\/www.faithdrivenentrepreneur.org\">https:\/\/www.faithdrivenentrepreneur.org<\/a><\/td><\/tr><tr><td>Estudo B\u00edblico Comunit\u00e1rio<\/td><td><a href=\"https:\/\/www.communitybiblestudy.org\">https:\/\/www.communitybiblestudy.org<\/a><\/td><\/tr><tr><td>Servindo \u00f3rf\u00e3os em todo o mundo<\/td><td><a href=\"https:\/\/soworldwide.org\">https:\/\/soworldwide.org<\/a><\/td><\/tr><tr><td>Deo Volente<\/td><td><a href=\"https:\/\/deo-volente.org\">https:\/\/deo-volente.org<\/a><\/td><\/tr><tr><td>Centro Africano de Pesquisa Apolog\u00e9tica<\/td><td><a href=\"https:\/\/acfar.org\">https:\/\/acfar.org<\/a><\/td><\/tr><\/tbody><\/table><\/figure>","protected":false},"excerpt":{"rendered":"<p>Africa Inland Mission (AIM) https:\/\/aimint.org Africa Leadership &amp; Reconciliation Ministries (ALARM) https:\/\/www.alarm-inc.org OC Africa https:\/\/ocafrica.org Compassion International&nbsp;&nbsp;&nbsp;&nbsp; https:\/\/www.compassion.com The Navigators Africa https:\/\/navigatorsafrica.org Africa Services&nbsp;&nbsp; Serving in Mission International (SIM) https:\/\/www.sim.org World Vision International https:\/\/www.wvi.org Wycliffe Global Alliance https:\/\/www.wycliffe.net ACROSS &nbsp; Living Water International (Africa Region) https:\/\/water.cc Africa Missions Network &nbsp; Daystar University https:\/\/www.daystar.ac.ke Faith Driven [&hellip;]<\/p>\n","protected":false},"author":1,"featured_media":0,"parent":0,"menu_order":0,"comment_status":"closed","ping_status":"closed","template":"","meta":{"_seopress_robots_primary_cat":"","_seopress_titles_title":"","_seopress_titles_desc":"","_seopress_robots_index":"","footnotes":""},"class_list":["post-9485","page","type-page","status-publish","hentry"],"_links":{"self":[{"href":"https:\/\/aeafrica.org\/pt\/wp-json\/wp\/v2\/pages\/9485","targetHints":{"allow":["GET"]}}],"collection":[{"href":"https:\/\/aeafrica.org\/pt\/wp-json\/wp\/v2\/pages"}],"about":[{"href":"https:\/\/aeafrica.org\/pt\/wp-json\/wp\/v2\/types\/page"}],"author":[{"embeddable":true,"href":"https:\/\/aeafrica.org\/pt\/wp-json\/wp\/v2\/users\/1"}],"replies":[{"embeddable":true,"href":"https:\/\/aeafrica.org\/pt\/wp-json\/wp\/v2\/comments?post=9485"}],"version-history":[{"count":2,"href":"https:\/\/aeafrica.org\/pt\/wp-json\/wp\/v2\/pages\/9485\/revisions"}],"predecessor-version":[{"id":9489,"href":"https:\/\/aeafrica.org\/pt\/wp-json\/wp\/v2\/pages\/9485\/revisions\/9489"}],"wp:attachment":[{"href":"https:\/\/aeafrica.org\/pt\/wp-json\/wp\/v2\/media?parent=9485"}],"curies":[{"name":"wp","href":"https:\/\/api.w.org\/{rel}","templated":true}]}}